{"id":29,"date":"2018-03-09T16:42:45","date_gmt":"2018-03-09T15:42:45","guid":{"rendered":"http:\/\/localhost\/tri\/?page_id=29"},"modified":"2025-08-28T08:26:08","modified_gmt":"2025-08-28T06:26:08","slug":"a-propos","status":"publish","type":"page","link":"https:\/\/sca2000triathlon.fr\/?page_id=29","title":{"rendered":"Pr\u00e9sentation du club"},"content":{"rendered":"<table style=\"width: 100%; background-color: #dee0e3;\">\n<tbody>\n<tr style=\"height: 231.44px;\">\n<td style=\"width: 709.57px; height: 231.44px;\">\n<p style=\"text-align: justify;\"><span style=\"vertical-align: inherit;\"><span style=\"vertical-align: inherit;\">Le SCA 2000 Triathlon Evry est le plus vieux club de l&#8217;Essonne cr\u00e9\u00e9 en 1990 par des triathl\u00e8tes de la premi\u00e8re heure avec un esprit &#8220;fun&#8221; que les membres actuels d\u00e9fendent avec ferveur.<\/span><\/span><\/p>\n<p style=\"text-align: justify;\"><span style=\"vertical-align: inherit;\"><span style=\"vertical-align: inherit;\">H\u00e9berg\u00e9 au sein du SCA 2000 Evry, qui compte 23 sections sportives, les triathl\u00e8tes b\u00e9n\u00e9ficient de nombreux \u00e9quipements sportifs situ\u00e9s sur l&#8217;Agglom\u00e9ration Nouvelle Evry Centre Essonne et peuvent aussi s&#8217;entra\u00eener avec, notamment, la section d&#8217;athl\u00e9tisme du SCA 2000.<\/span><\/span><\/p>\n<p><span style=\"vertical-align: inherit;\"><span style=\"vertical-align: inherit;\">D&#8217;autre part, nous entretenons avec les autres sections des relations amicales et notamment avec la section &#8220;aviron&#8221; qui est d&#8217;une aide pr\u00e9cieuse lors de l&#8217;organisation de notre comp\u00e9tition annuelle, la SCA-Tri-Poursuite.<\/span><\/span><\/td>\n<\/tr>\n<\/tbody>\n<\/table>\n<table style=\"width: 100%; background-color: #b6d4f2;\">\n<tbody>\n<tr>\n<td style=\"width: 707.82px;\"><span style=\"font-size: 14pt;\"><strong><span style=\"vertical-align: inherit;\"><span style=\"vertical-align: inherit;\">VOICI LES MEMBRES DU BUREAU 2025 :<\/span><\/span><\/strong><\/span><\/td>\n<\/tr>\n<\/tbody>\n<\/table>\n<table style=\"width: 100%; background-color: #dee0e3; height: 173px;\">\n<tbody>\n<tr style=\"height: 23px;\">\n<td style=\"width: 428.94px; height: 23px;\"><span style=\"font-family: arial, helvetica, sans-serif; font-size: 10pt;\"><strong><img loading=\"lazy\" decoding=\"async\" class=\"size-medium wp-image-4162 aligncenter\" src=\"https:\/\/sca2000triathlon.fr\/wp-content\/uploads\/2025\/08\/88673746-no-image-available-sign-internet-web-icon-to-indicate-the-absence-of-image-until-it-will-be-300x297.jpg\" alt=\"\" width=\"300\" height=\"297\" srcset=\"https:\/\/sca2000triathlon.fr\/wp-content\/uploads\/2025\/08\/88673746-no-image-available-sign-internet-web-icon-to-indicate-the-absence-of-image-until-it-will-be-300x297.jpg 300w, https:\/\/sca2000triathlon.fr\/wp-content\/uploads\/2025\/08\/88673746-no-image-available-sign-internet-web-icon-to-indicate-the-absence-of-image-until-it-will-be-1024x1015.jpg 1024w, https:\/\/sca2000triathlon.fr\/wp-content\/uploads\/2025\/08\/88673746-no-image-available-sign-internet-web-icon-to-indicate-the-absence-of-image-until-it-will-be-150x150.jpg 150w, https:\/\/sca2000triathlon.fr\/wp-content\/uploads\/2025\/08\/88673746-no-image-available-sign-internet-web-icon-to-indicate-the-absence-of-image-until-it-will-be-768x761.jpg 768w, https:\/\/sca2000triathlon.fr\/wp-content\/uploads\/2025\/08\/88673746-no-image-available-sign-internet-web-icon-to-indicate-the-absence-of-image-until-it-will-be.jpg 1300w\" sizes=\"auto, (max-width: 300px) 100vw, 300px\" \/><\/strong><\/span><\/td>\n<\/tr>\n<tr style=\"height: 23px;\">\n<td style=\"width: 428.94px; height: 23px;\"><span style=\"font-family: arial, helvetica, sans-serif; font-size: 10pt;\"><strong><span style=\"vertical-align: inherit;\"><span style=\"vertical-align: inherit;\">Nom<\/span><\/span><\/strong><span style=\"vertical-align: inherit;\"><span style=\"vertical-align: inherit;\"> :REBIERE<\/span><\/span><\/span><\/td>\n<\/tr>\n<tr style=\"height: 25px;\">\n<td style=\"width: 428.94px; height: 25px; text-align: justify;\"><span style=\"font-family: arial, helvetica, sans-serif; font-size: 10pt;\"><strong><span style=\"vertical-align: inherit;\"><span style=\"vertical-align: inherit;\">Pr\u00e9nom<\/span><\/span><\/strong><span style=\"vertical-align: inherit;\"><span style=\"vertical-align: inherit;\"> : Sylvain<\/span><\/span><\/span><\/td>\n<\/tr>\n<tr style=\"height: 24px;\">\n<td style=\"width: 428.94px; height: 24px; text-align: justify;\"><span style=\"font-family: arial, helvetica, sans-serif; font-size: 10pt;\"><strong><span style=\"vertical-align: inherit;\"><span style=\"vertical-align: inherit;\">Fonction<\/span><\/span><\/strong><span style=\"vertical-align: inherit;\"><span style=\"vertical-align: inherit;\"> : Pr\u00e9sident<\/span><\/span><\/span><\/td>\n<\/tr>\n<tr style=\"height: 20px;\">\n<td style=\"width: 428.94px; height: 20px; text-align: justify;\"><span style=\"font-family: arial, helvetica, sans-serif; font-size: 10pt;\"><strong><span style=\"vertical-align: inherit;\"><span style=\"vertical-align: inherit;\">Anciennet\u00e9<\/span><\/span><\/strong><span style=\"vertical-align: inherit;\"><span style=\"vertical-align: inherit;\"> :\u00a0<\/span><\/span><\/span><\/td>\n<\/tr>\n<tr style=\"height: 24px;\">\n<td style=\"width: 428.94px; height: 24px; text-align: justify;\"><span style=\"font-family: arial, helvetica, sans-serif; font-size: 10pt;\"><strong><span style=\"vertical-align: inherit;\"><span style=\"vertical-align: inherit;\">Perfs<\/span><\/span><\/strong><span style=\"vertical-align: inherit;\"><span style=\"vertical-align: inherit;\"> :<\/span><\/span><\/span><\/td>\n<\/tr>\n<tr style=\"height: 24px;\">\n<td style=\"width: 428.94px; height: 24px; text-align: justify;\"><span style=\"font-family: arial, helvetica, sans-serif; font-size: 10pt;\"><strong><span style=\"vertical-align: inherit;\"><span style=\"vertical-align: inherit;\">Sports pratiqu\u00e9s en dehors du triathlon<\/span><\/span><\/strong><span style=\"vertical-align: inherit;\"><span style=\"vertical-align: inherit;\"> :\u00a0<\/span><\/span><\/span><\/td>\n<\/tr>\n<\/tbody>\n<\/table>\n<div>\n<table style=\"background-color: #dee0e3; width: 100%;\">\n<tbody>\n<tr>\n<td style=\"width: 63.1738%;\"><span style=\"font-size: 10pt;\"><img loading=\"lazy\" decoding=\"async\" class=\"size-medium wp-image-4162 aligncenter\" src=\"https:\/\/sca2000triathlon.fr\/wp-content\/uploads\/2025\/08\/88673746-no-image-available-sign-internet-web-icon-to-indicate-the-absence-of-image-until-it-will-be-300x297.jpg\" alt=\"\" width=\"300\" height=\"297\" srcset=\"https:\/\/sca2000triathlon.fr\/wp-content\/uploads\/2025\/08\/88673746-no-image-available-sign-internet-web-icon-to-indicate-the-absence-of-image-until-it-will-be-300x297.jpg 300w, https:\/\/sca2000triathlon.fr\/wp-content\/uploads\/2025\/08\/88673746-no-image-available-sign-internet-web-icon-to-indicate-the-absence-of-image-until-it-will-be-1024x1015.jpg 1024w, https:\/\/sca2000triathlon.fr\/wp-content\/uploads\/2025\/08\/88673746-no-image-available-sign-internet-web-icon-to-indicate-the-absence-of-image-until-it-will-be-150x150.jpg 150w, https:\/\/sca2000triathlon.fr\/wp-content\/uploads\/2025\/08\/88673746-no-image-available-sign-internet-web-icon-to-indicate-the-absence-of-image-until-it-will-be-768x761.jpg 768w, https:\/\/sca2000triathlon.fr\/wp-content\/uploads\/2025\/08\/88673746-no-image-available-sign-internet-web-icon-to-indicate-the-absence-of-image-until-it-will-be.jpg 1300w\" sizes=\"auto, (max-width: 300px) 100vw, 300px\" \/><\/span><\/td>\n<\/tr>\n<tr>\n<td style=\"width: 63.1738%;\"><span style=\"font-size: 10pt;\">\u00a0<span style=\"font-family: arial, helvetica, sans-serif;\"><strong><span style=\"vertical-align: inherit;\"><span style=\"vertical-align: inherit;\">Nom<\/span><\/span><\/strong><span style=\"vertical-align: inherit;\"><span style=\"vertical-align: inherit;\"> : LEROY<\/span><\/span><\/span><\/span><\/td>\n<\/tr>\n<tr>\n<td style=\"width: 63.1738%;\"><span style=\"font-size: 10pt;\">\u00a0<span style=\"font-family: arial, helvetica, sans-serif;\"><strong><span style=\"vertical-align: inherit;\"><span style=\"vertical-align: inherit;\">Pr\u00e9nom<\/span><\/span><\/strong><span style=\"vertical-align: inherit;\"><span style=\"vertical-align: inherit;\"> : Iwan<\/span><\/span><\/span><\/span><\/td>\n<\/tr>\n<tr>\n<td style=\"width: 63.1738%;\"><span style=\"font-size: 10pt;\">\u00a0<span style=\"font-family: arial, helvetica, sans-serif;\"><strong><span style=\"vertical-align: inherit;\"><span style=\"vertical-align: inherit;\">Fonction<\/span><\/span><\/strong><span style=\"vertical-align: inherit;\"><span style=\"vertical-align: inherit;\"> : Tr\u00e9sori\u00e8re<\/span><\/span><\/span><\/span><\/td>\n<\/tr>\n<tr>\n<td style=\"width: 63.1738%;\"><span style=\"font-size: 10pt;\"><strong>\u00a0<span style=\"font-family: arial, helvetica, sans-serif;\"><span style=\"vertical-align: inherit;\"><span style=\"vertical-align: inherit;\">Anciennet\u00e9<\/span><\/span><\/span><\/strong><span style=\"font-family: arial, helvetica, sans-serif;\"><span style=\"vertical-align: inherit;\"><span style=\"vertical-align: inherit;\"> : 2014<\/span><\/span><\/span><\/span><\/td>\n<\/tr>\n<tr>\n<td style=\"width: 63.1738%;\"><span style=\"font-size: 10pt;\">\u00a0<span style=\"font-family: arial, helvetica, sans-serif;\"><strong><span style=\"vertical-align: inherit;\"><span style=\"vertical-align: inherit;\">Sports pratiqu\u00e9s en dehors du triathlon<\/span><\/span><\/strong><span style=\"vertical-align: inherit;\"><span style=\"vertical-align: inherit;\"> :<\/span><\/span><\/span><\/span><\/td>\n<\/tr>\n<\/tbody>\n<\/table>\n<\/div>\n<div><\/div>\n<table style=\"background-color: #dee0e3; width: 99.926%; height: 197px;\">\n<tbody>\n<tr style=\"height: 34px;\">\n<td style=\"width: 52.4962%; height: 34px; text-align: center;\"><img loading=\"lazy\" decoding=\"async\" class=\"alignnone size-medium wp-image-4162\" src=\"https:\/\/sca2000triathlon.fr\/wp-content\/uploads\/2025\/08\/88673746-no-image-available-sign-internet-web-icon-to-indicate-the-absence-of-image-until-it-will-be-300x297.jpg\" alt=\"\" width=\"300\" height=\"297\" srcset=\"https:\/\/sca2000triathlon.fr\/wp-content\/uploads\/2025\/08\/88673746-no-image-available-sign-internet-web-icon-to-indicate-the-absence-of-image-until-it-will-be-300x297.jpg 300w, https:\/\/sca2000triathlon.fr\/wp-content\/uploads\/2025\/08\/88673746-no-image-available-sign-internet-web-icon-to-indicate-the-absence-of-image-until-it-will-be-1024x1015.jpg 1024w, https:\/\/sca2000triathlon.fr\/wp-content\/uploads\/2025\/08\/88673746-no-image-available-sign-internet-web-icon-to-indicate-the-absence-of-image-until-it-will-be-150x150.jpg 150w, https:\/\/sca2000triathlon.fr\/wp-content\/uploads\/2025\/08\/88673746-no-image-available-sign-internet-web-icon-to-indicate-the-absence-of-image-until-it-will-be-768x761.jpg 768w, https:\/\/sca2000triathlon.fr\/wp-content\/uploads\/2025\/08\/88673746-no-image-available-sign-internet-web-icon-to-indicate-the-absence-of-image-until-it-will-be.jpg 1300w\" sizes=\"auto, (max-width: 300px) 100vw, 300px\" \/><\/td>\n<\/tr>\n<tr style=\"height: 35px;\">\n<td style=\"width: 52.4962%; height: 35px;\"><span style=\"font-family: arial, helvetica, sans-serif; font-size: 10pt;\"><strong><span style=\"vertical-align: inherit;\">Nom<\/span><\/strong><span style=\"vertical-align: inherit;\"> : LEFLON<\/span><\/span><\/td>\n<\/tr>\n<tr style=\"height: 35px;\">\n<td style=\"width: 52.4962%; height: 35px;\"><strong><span style=\"font-family: arial, helvetica, sans-serif; font-size: 10pt;\"><span style=\"vertical-align: inherit;\">Pr\u00e9nom<\/span><\/span><\/strong><span style=\"font-family: arial, helvetica, sans-serif; font-size: 10pt;\"><span style=\"vertical-align: inherit;\"> : Anne<\/span><\/span><\/td>\n<\/tr>\n<tr style=\"height: 35px;\">\n<td style=\"width: 52.4962%; height: 35px;\"><span style=\"font-family: arial, helvetica, sans-serif; font-size: 10pt;\"><strong><span style=\"vertical-align: inherit;\">Fonction\u00a0<\/span><\/strong><span style=\"vertical-align: inherit;\"> :Secr\u00e9taire<\/span><\/span><\/td>\n<\/tr>\n<tr style=\"height: 23px;\">\n<td style=\"width: 52.4962%; height: 23px;\"><strong><span style=\"font-family: arial, helvetica, sans-serif; font-size: 10pt;\"><span style=\"vertical-align: inherit;\">Anciennet\u00e9\u00a0<\/span><\/span><\/strong><span style=\"font-family: arial, helvetica, sans-serif; font-size: 10pt;\"><span style=\"vertical-align: inherit;\"> :\u00a0<\/span><\/span><\/td>\n<\/tr>\n<tr style=\"height: 35px;\">\n<td style=\"width: 52.4962%; height: 35px;\"><span style=\"font-size: 10pt; font-family: arial, helvetica, sans-serif;\"><strong><span style=\"vertical-align: inherit;\">Autres activit\u00e9s<\/span><\/strong><span style=\"vertical-align: inherit;\"> \u00a0:\u00a0<\/span><\/span><\/td>\n<\/tr>\n<\/tbody>\n<\/table>\n<table style=\"background-color: #dee0e3; width: 100%;\">\n<tbody>\n<tr>\n<td style=\"width: 63.073%; text-align: center;\"><img loading=\"lazy\" decoding=\"async\" class=\"alignnone size-medium wp-image-3940\" src=\"https:\/\/sca2000triathlon.fr\/wp-content\/uploads\/2023\/03\/Jerome2-288x300.jpg\" alt=\"\" width=\"288\" height=\"300\" srcset=\"https:\/\/sca2000triathlon.fr\/wp-content\/uploads\/2023\/03\/Jerome2-288x300.jpg 288w, https:\/\/sca2000triathlon.fr\/wp-content\/uploads\/2023\/03\/Jerome2.jpg 510w\" sizes=\"auto, (max-width: 288px) 100vw, 288px\" \/><\/td>\n<\/tr>\n<tr>\n<td style=\"width: 63.073%;\"><span style=\"font-family: arial, helvetica, sans-serif; font-size: 10pt;\"><strong><span style=\"vertical-align: inherit;\"><span style=\"vertical-align: inherit;\">Nom<\/span><\/span><\/strong><span style=\"vertical-align: inherit;\"><span style=\"vertical-align: inherit;\"> : PERRIER<\/span><\/span><\/span><\/td>\n<\/tr>\n<tr>\n<td style=\"width: 63.073%;\"><strong><span style=\"font-family: arial, helvetica, sans-serif; font-size: 10pt;\"><span style=\"vertical-align: inherit;\"><span style=\"vertical-align: inherit;\">Pr\u00e9nom<\/span><\/span><\/span><\/strong><span style=\"font-family: arial, helvetica, sans-serif; font-size: 10pt;\"><span style=\"vertical-align: inherit;\"><span style=\"vertical-align: inherit;\"> : J\u00e9r\u00f4me<\/span><\/span><\/span><\/td>\n<\/tr>\n<tr>\n<td style=\"width: 63.073%;\"><span style=\"font-family: arial, helvetica, sans-serif; font-size: 10pt;\"><strong><span style=\"vertical-align: inherit;\"><span style=\"vertical-align: inherit;\">Fonction\u00a0<\/span><\/span><\/strong><span style=\"vertical-align: inherit;\"><span style=\"vertical-align: inherit;\"> : Pr\u00e9paration des s\u00e9ances d&#8217;entra\u00eenement,<\/span><\/span><\/span><\/td>\n<\/tr>\n<tr>\n<td style=\"width: 63.073%;\"><strong><span style=\"font-family: arial, helvetica, sans-serif; font-size: 10pt;\"><span style=\"vertical-align: inherit;\"><span style=\"vertical-align: inherit;\">Anciennet\u00e9\u00a0<\/span><\/span><\/span><\/strong><span style=\"font-family: arial, helvetica, sans-serif; font-size: 10pt;\"><span style=\"vertical-align: inherit;\"><span style=\"vertical-align: inherit;\"> : 2011<\/span><\/span><\/span><\/td>\n<\/tr>\n<tr>\n<td style=\"width: 63.073%;\"><strong><span style=\"font-family: arial, helvetica, sans-serif; font-size: 10pt;\"><span style=\"vertical-align: inherit;\"><span style=\"vertical-align: inherit;\">Perfs<\/span><\/span><\/span><\/strong><span style=\"font-family: arial, helvetica, sans-serif; font-size: 10pt;\"><span style=\"vertical-align: inherit;\"><span style=\"vertical-align: inherit;\"> : Finisher Diagonale des fous 2010 en 44h et UTMB 2011 en 35h, marathon de Barcelone en 3h05&#8242; (record) et participation \u00e0 l&#8217;Embrunman 2012&#8230;..<\/span><\/span><\/span><\/td>\n<\/tr>\n<tr>\n<td style=\"width: 63.073%;\"><span style=\"font-size: 10pt; font-family: arial, helvetica, sans-serif;\"><strong><span style=\"vertical-align: inherit;\"><span style=\"vertical-align: inherit;\">Sports pratiqu\u00e9s en dehors du triathlon<\/span><\/span><\/strong><span style=\"vertical-align: inherit;\"><span style=\"vertical-align: inherit;\"> : 10 trails de plus de 80 km, 8 ultras (GRP, ultra trans Aubrac, ultra trail du Puy Mary, etc.) et 14 marathons.<\/span><\/span><\/span><\/td>\n<\/tr>\n<\/tbody>\n<\/table>\n<table style=\"background-color: #dee0e3; width: 100%; height: 521px;\">\n<tbody>\n<tr style=\"height: 311px;\">\n<td style=\"width: 62.8212%; height: 311px;\"><img loading=\"lazy\" decoding=\"async\" class=\"size-medium wp-image-3938 aligncenter\" src=\"https:\/\/sca2000triathlon.fr\/wp-content\/uploads\/2023\/03\/brunoursulet-278x300.jpg\" alt=\"\" width=\"278\" height=\"300\" srcset=\"https:\/\/sca2000triathlon.fr\/wp-content\/uploads\/2023\/03\/brunoursulet-278x300.jpg 278w, https:\/\/sca2000triathlon.fr\/wp-content\/uploads\/2023\/03\/brunoursulet-948x1024.jpg 948w, https:\/\/sca2000triathlon.fr\/wp-content\/uploads\/2023\/03\/brunoursulet-768x830.jpg 768w, https:\/\/sca2000triathlon.fr\/wp-content\/uploads\/2023\/03\/brunoursulet-1422x1536.jpg 1422w, https:\/\/sca2000triathlon.fr\/wp-content\/uploads\/2023\/03\/brunoursulet-1895x2048.jpg 1895w, https:\/\/sca2000triathlon.fr\/wp-content\/uploads\/2023\/03\/brunoursulet.jpg 1950w\" sizes=\"auto, (max-width: 278px) 100vw, 278px\" \/><\/td>\n<\/tr>\n<tr style=\"height: 35px;\">\n<td style=\"width: 62.8212%; height: 35px;\"><span style=\"font-family: arial, helvetica, sans-serif; font-size: 10pt;\"><strong><span style=\"vertical-align: inherit;\"><span style=\"vertical-align: inherit;\">Nom<\/span><\/span><\/strong><span style=\"vertical-align: inherit;\"><span style=\"vertical-align: inherit;\"> : URSULET<\/span><\/span><\/span><\/td>\n<\/tr>\n<tr style=\"height: 35px;\">\n<td style=\"width: 62.8212%; height: 35px;\"><strong><span style=\"font-family: arial, helvetica, sans-serif; font-size: 10pt;\"><span style=\"vertical-align: inherit;\"><span style=\"vertical-align: inherit;\">Pr\u00e9nom<\/span><\/span><\/span><\/strong><span style=\"font-family: arial, helvetica, sans-serif; font-size: 10pt;\"><span style=\"vertical-align: inherit;\"><span style=\"vertical-align: inherit;\"> : Bruno<\/span><\/span><\/span><\/td>\n<\/tr>\n<tr style=\"height: 35px;\">\n<td style=\"width: 62.8212%; height: 35px;\"><span style=\"font-family: arial, helvetica, sans-serif; font-size: 10pt;\"><strong><span style=\"vertical-align: inherit;\"><span style=\"vertical-align: inherit;\">Fonction\u00a0<\/span><\/span><\/strong><span style=\"vertical-align: inherit;\"><span style=\"vertical-align: inherit;\"> : Membre du bureau en charge du Para-Triathlon\u00a0<\/span><\/span><\/span><\/td>\n<\/tr>\n<tr style=\"height: 35px;\">\n<td style=\"width: 62.8212%; height: 35px;\"><strong><span style=\"font-family: arial, helvetica, sans-serif; font-size: 10pt;\"><span style=\"vertical-align: inherit;\"><span style=\"vertical-align: inherit;\">Anciennet\u00e9\u00a0<\/span><\/span><\/span><\/strong><span style=\"font-family: arial, helvetica, sans-serif; font-size: 10pt;\"><span style=\"vertical-align: inherit;\"><span style=\"vertical-align: inherit;\"> : 2015<\/span><\/span><\/span><\/td>\n<\/tr>\n<tr style=\"height: 35px;\">\n<td style=\"width: 62.8212%; height: 35px;\"><strong><span style=\"font-family: arial, helvetica, sans-serif; font-size: 10pt;\"><span style=\"vertical-align: inherit;\"><span style=\"vertical-align: inherit;\">Pratique du triathlon depuis<\/span><\/span><\/span><\/strong><span style=\"font-family: arial, helvetica, sans-serif; font-size: 10pt;\"><span style=\"vertical-align: inherit;\"><span style=\"vertical-align: inherit;\"> \u00a0: 2015<\/span><\/span><\/span><\/td>\n<\/tr>\n<tr style=\"height: 35px;\">\n<td style=\"width: 62.8212%; height: 35px;\"><span style=\"font-size: 10pt; font-family: arial, helvetica, sans-serif;\"><strong><span style=\"vertical-align: inherit;\"><span style=\"vertical-align: inherit;\">Sports pratiqu\u00e9s en dehors du triathlon<\/span><\/span><\/strong><span style=\"vertical-align: inherit;\"><span style=\"vertical-align: inherit;\"> : 20 ans de football<\/span><\/span><\/span><\/td>\n<\/tr>\n<\/tbody>\n<\/table>\n<table style=\"background-color: #dee0e3; width: 100%;\">\n<tbody>\n<tr>\n<td><strong><span style=\"color: #000000; font-size: 12pt; font-family: arial, helvetica, sans-serif;\"><span style=\"vertical-align: inherit;\"><span style=\"vertical-align: inherit;\">La promotion des activit\u00e9s se fait par le biais de grandes manifestations :<\/span><\/span><\/span><\/strong><\/p>\n<div>\n<p><span style=\"color: #000000; font-size: 12pt; font-family: arial, helvetica, sans-serif;\"><span style=\"vertical-align: inherit;\"><span style=\"vertical-align: inherit;\">\u2666 F\u00eate des sports<\/span><\/span><\/span><\/p>\n<p><span style=\"color: #000000; font-size: 12pt; font-family: arial, helvetica, sans-serif;\"><span style=\"vertical-align: inherit;\"><span style=\"vertical-align: inherit;\">\u2666 D\u00e9fi Marrane et Marrane des quartiers<\/span><\/span><\/span><\/p>\n<p><span style=\"color: #000000; font-size: 12pt; font-family: arial, helvetica, sans-serif;\"><span style=\"vertical-align: inherit;\"><span style=\"vertical-align: inherit;\">\u2666 Championnats d\u00e9partementaux et r\u00e9gionaux de GR (gymnastique rythmique)<\/span><\/span><\/span><\/p>\n<p><span style=\"color: #000000; font-size: 12pt; font-family: arial, helvetica, sans-serif;\"><span style=\"vertical-align: inherit;\"><span style=\"vertical-align: inherit;\">\u2666 Championnats de France de trampoline<\/span><\/span><\/span><\/p>\n<p><span style=\"color: #000000; font-size: 12pt; font-family: arial, helvetica, sans-serif;\"><span style=\"vertical-align: inherit;\"><span style=\"vertical-align: inherit;\">\u2666 Gala de patinage<\/span><\/span><\/span><\/p>\n<p><span style=\"color: #000000; font-size: 12pt; font-family: arial, helvetica, sans-serif;\"><span style=\"vertical-align: inherit;\"><span style=\"vertical-align: inherit;\">\u2666OSCA 2000<\/span><\/span><\/span><\/p>\n<p><strong><span style=\"color: #000000; font-size: 12pt; font-family: arial, helvetica, sans-serif;\"><span style=\"vertical-align: inherit;\"><span style=\"vertical-align: inherit;\">Et, bien s\u00fbr, notre grande manifestation annuelle :<\/span><\/span><\/span><\/strong><\/p>\n<p><span style=\"color: #000000; font-size: 12pt; font-family: arial, helvetica, sans-serif;\"><span style=\"vertical-align: inherit;\"><span style=\"vertical-align: inherit;\">\u2666 La SCA-Tri-Poursuite<\/span><\/span><\/span><\/p>\n<p><img loading=\"lazy\" decoding=\"async\" class=\"alignnone wp-image-3949 size-full\" src=\"https:\/\/sca2000triathlon.fr\/wp-content\/uploads\/2023\/03\/SCA-Tri-Poursuite_2012.jpg\" alt=\"\" width=\"958\" height=\"340\" srcset=\"https:\/\/sca2000triathlon.fr\/wp-content\/uploads\/2023\/03\/SCA-Tri-Poursuite_2012.jpg 958w, https:\/\/sca2000triathlon.fr\/wp-content\/uploads\/2023\/03\/SCA-Tri-Poursuite_2012-300x106.jpg 300w, https:\/\/sca2000triathlon.fr\/wp-content\/uploads\/2023\/03\/SCA-Tri-Poursuite_2012-768x273.jpg 768w\" sizes=\"auto, (max-width: 958px) 100vw, 958px\" \/><\/p>\n<p><span style=\"color: #000000; font-size: 12pt; font-family: arial, helvetica, sans-serif;\"><span style=\"vertical-align: inherit;\"><span style=\"vertical-align: inherit;\">Au sein du club, chacun pratique le triple effort \u00e0 son niveau.<\/span><\/span><\/span><\/p>\n<p><span style=\"color: #000000; font-size: 12pt; font-family: arial, helvetica, sans-serif;\"><span style=\"vertical-align: inherit;\"><span style=\"vertical-align: inherit;\">Cela va des plus costauds (les &#8220;Finishers&#8221; des triathlons d&#8217;Embrun, Nice, Roth, Zurich, etc.) jusqu&#8217;\u00e0 ceux qui pratiquent pour le plaisir, une ou deux \u00e9preuves &#8220;Courte distance&#8221; par an.<\/span><\/span><\/span><\/p>\n<p><span style=\"color: #000000; font-size: 12pt; font-family: arial, helvetica, sans-serif;\"><span style=\"vertical-align: inherit;\"><span style=\"vertical-align: inherit;\">Mais pour tous un seul but, se faire plaisir entre copains en pratiquant un sport nouveau et complet en pleine nature.<\/span><\/span><\/span><\/p>\n<\/div>\n<\/td>\n<\/tr>\n<\/tbody>\n<\/table>\n","protected":false},"excerpt":{"rendered":"<p>Le SCA 2000 Triathlon Evry est le plus vieux club de l&#8217;Essonne cr\u00e9\u00e9 en 1990 par des triathl\u00e8tes de la &hellip; <\/p>\n","protected":false},"author":3,"featured_media":0,"parent":0,"menu_order":0,"comment_status":"closed","ping_status":"closed","template":"","meta":{"footnotes":""},"class_list":["post-29","page","type-page","status-publish","hentry"],"publishpress_future_action":{"enabled":false,"date":"2026-05-07 11:53:06","action":"change-status","newStatus":"draft","terms":[],"taxonomy":"","extraData":[]},"publishpress_future_workflow_manual_trigger":{"enabledWorkflows":[]},"post_mailing_queue_ids":[],"_links":{"self":[{"href":"https:\/\/sca2000triathlon.fr\/index.php?rest_route=\/wp\/v2\/pages\/29","targetHints":{"allow":["GET"]}}],"collection":[{"href":"https:\/\/sca2000triathlon.fr\/index.php?rest_route=\/wp\/v2\/pages"}],"about":[{"href":"https:\/\/sca2000triathlon.fr\/index.php?rest_route=\/wp\/v2\/types\/page"}],"author":[{"embeddable":true,"href":"https:\/\/sca2000triathlon.fr\/index.php?rest_route=\/wp\/v2\/users\/3"}],"replies":[{"embeddable":true,"href":"https:\/\/sca2000triathlon.fr\/index.php?rest_route=%2Fwp%2Fv2%2Fcomments&post=29"}],"version-history":[{"count":9,"href":"https:\/\/sca2000triathlon.fr\/index.php?rest_route=\/wp\/v2\/pages\/29\/revisions"}],"predecessor-version":[{"id":4167,"href":"https:\/\/sca2000triathlon.fr\/index.php?rest_route=\/wp\/v2\/pages\/29\/revisions\/4167"}],"wp:attachment":[{"href":"https:\/\/sca2000triathlon.fr\/index.php?rest_route=%2Fwp%2Fv2%2Fmedia&parent=29"}],"curies":[{"name":"wp","href":"https:\/\/api.w.org\/{rel}","templated":true}]}}