{"id":3679,"date":"2022-09-09T15:35:21","date_gmt":"2022-09-09T13:35:21","guid":{"rendered":"https:\/\/sca2000triathlon.fr\/?page_id=3679"},"modified":"2025-09-01T08:56:29","modified_gmt":"2025-09-01T06:56:29","slug":"inscription-au-club-2","status":"publish","type":"page","link":"https:\/\/sca2000triathlon.fr\/?page_id=3679","title":{"rendered":"Inscription au club"},"content":{"rendered":"<table style=\"width: 100%; background-color: #dee0e3;\">\n<tbody>\n<tr>\n<td>\n<p style=\"text-align: center;\"><span style=\"font-family: arial, helvetica, sans-serif; color: #993300;\"><strong><span style=\"font-size: 14pt;\">FORMALIT\u00c9S D\u2019INSCRIPTION POUR LA SAISON 2025-2026<\/span><\/strong><\/span><\/p>\n<p><span style=\"font-family: arial, helvetica, sans-serif;\"><strong>Vous avez d\u00e9cid\u00e9 de vous mettre au triathlon ou au trail avec l\u2019aide d\u2019un club, et v<\/strong><\/span><span style=\"font-family: arial, helvetica, sans-serif;\"><strong>ous d\u00e9sirez nous rejoindre ?<\/strong><\/span><\/p>\n<p><span style=\"font-family: arial, helvetica, sans-serif;\"><strong>Alors, venez nous rencontrer lors des entra\u00eenements :<\/strong><\/span><\/p>\n<p><span style=\"font-family: arial, helvetica, sans-serif;\">\u2666 Le lundi \u00e0 20h CAP (footing) \u00e0 la <strong>piscine de Lisses.<\/strong><\/span><br \/>\n<span style=\"font-family: arial, helvetica, sans-serif;\">\u2666 Le lundi \u00e0 21h30 natation \u00e0 la <strong>piscine de Lisses.<\/strong><\/span><br \/>\n<span style=\"font-family: arial, helvetica, sans-serif;\">\u2666 Le mardi 19h30 <strong>stade des Loges d\u2019Evry<\/strong> course \u00e0 pied (CAP) fractionn\u00e9 sur piste.\u00a0 \u00a0 \u00a0 \u00a0 \u00a0 \u00a0 \u00a0 \u00a0 \u00a0 \u00a0 \u00a0 \u00a0 \u2666 Le mercredi de 19h15 \u00e0 20h15 v\u00e9lo sur home trainer.<\/span><br \/>\n<span style=\"font-family: arial, helvetica, sans-serif;\">\u2666 Le jeudi \u00e0 20h CAP (footing) \u00e0 la <strong>piscine de Lisses.<\/strong><\/span><br \/>\n<span style=\"font-family: arial, helvetica, sans-serif;\">\u2666 Le jeudi de 21h30 \u00e0 22h30 natation \u00e0 la Le lundi \u00e0 20h CAP (footing) \u00e0 la piscine de Lisses.\u00a0 \u00a0 \u00a0 \u00a0 \u00a0 \u2666 Le vendredi de 19h15 \u00e0 20h15 v\u00e9lo sur home trainer. <strong><br \/>\n\u2666<\/strong> Le samedi de 9h \u00e0 11h natation \u00e0 la piscine de l\u2019Agora d\u2019Evry Courcouronnes<strong><br \/>\n\u2666 <\/strong>Le samedi rdv \u00e0 9h20, \u00e0 Draveil, en for\u00eat de S\u00e9nart, au rond-point du \u00ab Ch\u00eane d\u2019Antin \u00bb CAP et marche.\u00a0 \u00a0 \u00a0 \u00a0 \u00a0 \u00a0 \u00a0 \u00a0 \u00a0 \u00a0 \u00a0 \u00a0 \u00a0 \u00a0 \u00a0 \u00a0 \u00a0 \u00a0 \u00a0 \u00a0 \u00a0 \u00a0 \u00a0 \u00a0 \u00a0 \u00a0 \u00a0 \u00a0 \u00a0 \u00a0 \u00a0 \u00a0 \u00a0 \u00a0 \u00a0 \u00a0 \u00a0 \u00a0 \u00a0 \u00a0 \u00a0 \u00a0 \u00a0 \u00a0 \u00a0 \u00a0 \u00a0 \u00a0 \u00a0 \u00a0 \u00a0 \u00a0 \u00a0 \u00a0 \u00a0 \u00a0 \u00a0 \u00a0 \u00a0 \u00a0 \u00a0 \u00a0 \u00a0 \u00a0 \u00a0 \u00a0 \u00a0 \u00a0 \u00a0 \u00a0 \u00a0 \u00a0 \u00a0 <\/span><span style=\"font-family: arial, helvetica, sans-serif;\">\u2666 Le dimanche de 8h \u00e0 9h natation \u00e0 la <strong>piscine de Lisses.<\/strong> <\/span><br \/>\n<span style=\"font-family: arial, helvetica, sans-serif;\"> \u2666 Le dimanche rdv au parking de la <strong>piscine de Lisses <\/strong>pour un d\u00e9part v\u00e9lo \u00e0 9h30.<\/span><\/p>\n<p><span style=\"color: #0000ff;\">\u00a0 \u00a0 \u00a0 \u00a0 \u00a0 \u00a0 \u00a0 \u00a0 \u00a0 \u00a0 \u00a0 \u00a0 \u00a0 \u00a0 \u00a0 \u00a0 \u00a0 \u00a0 \u00a0 \u00a0 \u00a0 \u00a0 \u00a0 \u00a0 \u00a0 \u00a0 \u00a0 \u00a0 \u00a0 \u00a0 \u00a0 \u00a0 \u00a0 \u00a0 \u00a0 \u00a0 \u00a0 <span style=\"font-size: 14pt; color: #993300;\"><strong>SCA 2000 Triathlon &#8211; Trail\u00a0 \u00a0 \u00a0 \u00a0 \u00a0 \u00a0 \u00a0 \u00a0 \u00a0 \u00a0 \u00a0 \u00a0 \u00a0 \u00a0 \u00a0 \u00a0 \u00a0 \u00a0 \u00a0 \u00a0 \u00a0 \u00a0 \u00a0 \u00a0 \u00a0 \u00a0 \u00a0 \u00a0 \u00a0 \u00a0 \u00a0 \u00a0 \u00a0 \u00a0 \u00a0 \u00a0 \u00a0 \u00a0 \u00a0 \u00a0 \u00a0 \u00a0 \u00a0 \u00a0 \u00a0 \u00a0 \u00a0 \u00a0 \u00a0 \u00a0 \u00a0 \u00a0 \u00a0 \u00a0 \u00a0 \u00a0 \u00a0 \u00a0 \u00a0 \u00a0 \u00a0 Inscriptions pour la saison 2025\/2026<\/strong><\/span><\/span><\/p>\n<p><span style=\"color: #993366;\"><span style=\"color: #000000;\">Les inscriptions pour le trail et le triathlon SANS licence sont ouvertes du 1er au 30 septembre 2025.<\/span><\/span><\/p>\n<p><span style=\"color: #993366;\"><span style=\"color: #000000;\">Vous trouverez ci-dessous les modalit\u00e9s pour vous inscrire au club pour cette nouvelle saison sur le site <span style=\"font-size: 10pt;\"><strong><a href=\"https:\/\/sca2000evry.monclub.app\/app\/628f2e176708ef00289c4609\">MON CLUB.<\/a><\/strong><\/span><\/span><\/span><\/p>\n<p>\u26a0\ufe0f ATTENTION \u26a0\ufe0f : les inscriptions pour le triathlon AVEC licence ouvriront \u00e0 partir du 16 septembre exceptionnellement.<\/p>\n<p><span style=\"color: #993300;\"><strong><span style=\"font-size: 14pt;\">Inscription en 4 \u00e9tapes :<\/span><\/strong><\/span><\/p>\n<p><span style=\"font-size: 14pt; color: #993300;\"><strong>\u00c9tape n\u00b01 :<\/strong><\/span> aller sur le site <span style=\"color: #993366;\"><span style=\"color: #000000;\"><span style=\"font-size: 10pt;\"><strong><a href=\"https:\/\/sca2000evry.monclub.app\/app\/628f2e176708ef00289c4609\">MON CLUB<\/a><\/strong><\/span><\/span><\/span> et choisissez l\u2019une des trois formules d\u2019adh\u00e9sion :<\/p>\n<ol>\n<li><strong>Trail uniquement<\/strong> (ne donne pas acc\u00e8s aux s\u00e9ances v\u00e9lo et natation) :\u00a0 <strong>60 \u20ac<\/strong><\/li>\n<li><strong>Cotisation Triathlon\u00a0 :\u00a0 120 \u20ac<\/strong><\/li>\n<\/ol>\n<p><em><strong>Pour ceux qui souhaiteraient prendre en plus une licence FFTRI, celle-ci pourra se faire directement sur le site de la f\u00e9d\u00e9ration :<\/strong><\/em><br \/>\n<em><strong>https:\/\/espacetri.fftri.com\/<\/strong><\/em><br \/>\n<em><strong>(accessible prochainement).<\/strong><\/em><\/p>\n<p><span style=\"font-size: 14pt; color: #993300;\"><strong>\u00c9tape n\u00b02 :<\/strong><\/span> authentifiez-vous avec vos identifiants Mon Club (pour les anciens adh\u00e9rents) ou <strong>cr\u00e9ez votre compte<\/strong> Mon Club (pour les nouveaux adh\u00e9rents).<\/p>\n<p><span style=\"font-size: 14pt; color: #993300;\"><strong>Bande n\u00b03 :<\/strong><\/span> compl\u00e9tez le formulaire d\u2019inscription sur le site <span style=\"color: #993366;\"><span style=\"color: #000000;\"><span style=\"font-size: 10pt;\"><strong><a href=\"https:\/\/sca2000evry.monclub.app\/app\/628f2e176708ef00289c4609\">MON CLUB<\/a><\/strong><\/span><\/span><\/span><\/p>\n<p><span style=\"color: #993300;\"><strong><span style=\"font-size: 14pt;\">Etape n\u00b04 :<\/span> <\/strong><\/span>proc\u00e9dez au paiement de votre cotisation :<br \/>\n\u2022 Paiement en ligne (\u00e0 privil\u00e9gier).<br \/>\n\u2022 Paiement par ch\u00e8que, esp\u00e8ces, coupon sport, &#8230; (transmettre \u00e0 Iwan lors des entra\u00eenements de natation le lundi ou le jeudi \u00e0 21h30).<\/p>\n<p><span style=\"color: #993300;\"><strong>\u00a0 \u00a0 \u00a0 \u00a0 \u00a0 \u00a0 \u00a0 \u00a0 \u00a0 \u00a0 \u00a0 \u00a0 \u00a0 \u00a0 \u00a0 \u00a0 \u00a0 \u00a0 \u00a0 \u00a0 \u00a0 \u00a0 \u00a0 \u00a0 \u00a0 \u00a0 \u00a0 \u00a0 \u00a0 \u00a0ET C\u2019EST PARTI POUR UNE NOUVELLE SAISON !<\/strong><\/span><\/p>\n<p>&nbsp;<\/td>\n<\/tr>\n<\/tbody>\n<\/table>\n<h4><\/h4>\n","protected":false},"excerpt":{"rendered":"<p>FORMALIT\u00c9S D\u2019INSCRIPTION POUR LA SAISON 2025-2026 Vous avez d\u00e9cid\u00e9 de vous mettre au triathlon ou au trail avec l\u2019aide d\u2019un &hellip; <\/p>\n","protected":false},"author":3,"featured_media":0,"parent":0,"menu_order":0,"comment_status":"closed","ping_status":"closed","template":"","meta":{"footnotes":""},"class_list":["post-3679","page","type-page","status-publish","hentry"],"publishpress_future_action":{"enabled":false,"date":"2026-05-07 11:55:16","action":"change-status","newStatus":"draft","terms":[],"taxonomy":"","extraData":[]},"publishpress_future_workflow_manual_trigger":{"enabledWorkflows":[]},"post_mailing_queue_ids":[],"_links":{"self":[{"href":"https:\/\/sca2000triathlon.fr\/index.php?rest_route=\/wp\/v2\/pages\/3679","targetHints":{"allow":["GET"]}}],"collection":[{"href":"https:\/\/sca2000triathlon.fr\/index.php?rest_route=\/wp\/v2\/pages"}],"about":[{"href":"https:\/\/sca2000triathlon.fr\/index.php?rest_route=\/wp\/v2\/types\/page"}],"author":[{"embeddable":true,"href":"https:\/\/sca2000triathlon.fr\/index.php?rest_route=\/wp\/v2\/users\/3"}],"replies":[{"embeddable":true,"href":"https:\/\/sca2000triathlon.fr\/index.php?rest_route=%2Fwp%2Fv2%2Fcomments&post=3679"}],"version-history":[{"count":37,"href":"https:\/\/sca2000triathlon.fr\/index.php?rest_route=\/wp\/v2\/pages\/3679\/revisions"}],"predecessor-version":[{"id":4172,"href":"https:\/\/sca2000triathlon.fr\/index.php?rest_route=\/wp\/v2\/pages\/3679\/revisions\/4172"}],"wp:attachment":[{"href":"https:\/\/sca2000triathlon.fr\/index.php?rest_route=%2Fwp%2Fv2%2Fmedia&parent=3679"}],"curies":[{"name":"wp","href":"https:\/\/api.w.org\/{rel}","templated":true}]}}